{"id":193,"date":"2018-05-21T10:36:29","date_gmt":"2018-05-21T08:36:29","guid":{"rendered":"http:\/\/internatmeiningen.de\/?page_id=193"},"modified":"2025-03-11T13:20:40","modified_gmt":"2025-03-11T12:20:40","slug":"impressum","status":"publish","type":"page","link":"https:\/\/internatmeiningen.de\/index.php\/impressum\/","title":{"rendered":"Impressum"},"content":{"rendered":"<p class=\"p1\"><b>Kontakt<\/b><\/p>\n<p class=\"p1\">Internat der Meininger Berufsschulen<\/p>\n<p class=\"p1\">Am Drachenberg 4b<br \/>\n98617 Meiningen<br \/>\nTel : 03693\/576125<br \/>\nFax : 03693\/507295<br \/>\nE-Mail: <a href=\"mailto:internatmeiningen@arcor.de\">internatmeiningen@arcor.de<\/a><\/p>\n<p class=\"p1\"><b>Internatsleiter:<\/b><\/p>\n<p class=\"p1\">S. Pfannschmidt<\/p>\n<p class=\"p1\"><b>Tr\u00e4ger (Dienstanbieter i.S.d. TDG\/MDStV)<\/b><\/p>\n<p class=\"p1\">Landratsamt Schmalkalden Meiningen<br \/>\nObertsh\u00e4user Platz 1<br \/>\n98617 Meiningen<\/p>\n<p class=\"p1\"><b>Zentrale:<\/b><\/p>\n<p class=\"p1\">Telefon: (0 36 93) 4 85-0<br \/>\nTelefax: (0 36 93) 4 85-436<br \/>\nWebseite: <a href=\"http:\/\/www.lra-sm.de\">www.lra-sm.de<\/a><\/p>\n<p class=\"p1\"><b>Zust\u00e4ndige Aufsichtsbeh\u00f6rde<\/b><\/p>\n<p>Th\u00fcringer Ministerium f\u00fcr Bildung, Jugend und Sport<br \/>\nReferat 43 Heimaufsicht, erzieherische Hilfen<br \/>\nWerner-Seelenbinder-Stra\u00dfe 7<br \/>\n99096 Erfurt<br \/>\nTel: +49 (0) 361 57 3411-280<br \/>\nFax: +49 (0) 361 57 3411-830<br \/>\nWebseite: <a href=\"http:\/\/www.thueringen.de\/th2\/tmbjs\">www.thueringen.de\/th2\/tmbjs<\/a><\/p>\n","protected":false},"excerpt":{"rendered":"<p>Kontakt Internat der Meininger Berufsschulen Am Drachenberg 4b 98617 Meiningen Tel : 03693\/576125 Fax : 03693\/507295 E-Mail: internatmeiningen@arcor.de Internatsleiter: S. Pfannschmidt Tr\u00e4ger (Dienstanbieter i.S.d. TDG\/MDStV) Landratsamt Schmalkalden Meiningen Obertsh\u00e4user Platz 1 98617 Meiningen Zentrale: Telefon: (0 36 93) 4 85-0 Telefax: (0 36 93) 4 85-436 Webseite: www.lra-sm.de Zust\u00e4ndige Aufsichtsbeh\u00f6rde Th\u00fcringer Ministerium f\u00fcr Bildung, Jugend &hellip; <a href=\"https:\/\/internatmeiningen.de\/index.php\/impressum\/\" class=\"more-link\">Weiterlesen <span class=\"screen-reader-text\">Impressum<\/span><\/a><\/p>\n","protected":false},"author":1,"featured_media":0,"parent":0,"menu_order":0,"comment_status":"closed","ping_status":"closed","template":"","meta":[],"_links":{"self":[{"href":"https:\/\/internatmeiningen.de\/index.php\/wp-json\/wp\/v2\/pages\/193"}],"collection":[{"href":"https:\/\/internatmeiningen.de\/index.php\/wp-json\/wp\/v2\/pages"}],"about":[{"href":"https:\/\/internatmeiningen.de\/index.php\/wp-json\/wp\/v2\/types\/page"}],"author":[{"embeddable":true,"href":"https:\/\/internatmeiningen.de\/index.php\/wp-json\/wp\/v2\/users\/1"}],"replies":[{"embeddable":true,"href":"https:\/\/internatmeiningen.de\/index.php\/wp-json\/wp\/v2\/comments?post=193"}],"version-history":[{"count":6,"href":"https:\/\/internatmeiningen.de\/index.php\/wp-json\/wp\/v2\/pages\/193\/revisions"}],"predecessor-version":[{"id":683,"href":"https:\/\/internatmeiningen.de\/index.php\/wp-json\/wp\/v2\/pages\/193\/revisions\/683"}],"wp:attachment":[{"href":"https:\/\/internatmeiningen.de\/index.php\/wp-json\/wp\/v2\/media?parent=193"}],"curies":[{"name":"wp","href":"https:\/\/api.w.org\/{rel}","templated":true}]}}