{"id":2,"date":"2021-10-11T10:11:00","date_gmt":"2021-10-11T08:11:00","guid":{"rendered":"http:\/\/internatmeiningen.de\/wordpress\/?page_id=2"},"modified":"2025-04-22T13:53:51","modified_gmt":"2025-04-22T11:53:51","slug":"anmeldung","status":"publish","type":"page","link":"https:\/\/internatmeiningen.de\/index.php\/anmeldung\/","title":{"rendered":"Anmeldung"},"content":{"rendered":"<h2><strong><span style=\"color: #ff0000;\">Wichtig!<\/span><\/strong><\/h2>\n<h5><span style=\"color: #0000ff;\"><strong>Um eine Anmeldung zu ber\u00fccksichtigen, muss unbedingt die Fahrzeit und die Ausbildungsklasse eingetragen sein!<\/strong><\/span><\/h5>\n<p><span style=\"color: #ff0000;\"><strong>Nachweispflicht der Masernschutzimpfung beachten!!!<\/strong><\/span><\/p>\n<p>Anschrift:<\/p>\n<h4>Internat der Meininger Berufsschulen<br \/>\nAm Drachenberg 4b<br \/>\n98617 Meiningen<\/h4>\n<ul>\n<li><span style=\"color: #ff0000;\"><strong><a href=\"\/wp-content\/uploads\/2017\/08\/Hausordnung-Internat-11.08.2017.pdf\" target=\"_blank\" rel=\"noopener noreferrer\">Hausordnung NEU! (01.08.2017)<\/a><\/strong><\/span><\/li>\n<li><a href=\"https:\/\/internatmeiningen.de\/wp-content\/uploads\/2025\/04\/Internatsvereinbarung_2025_Ueberarbeitet.pdf\"><strong>Internatsvereinbarung NEU (01.08.2025)<\/strong><\/a><\/li>\n<li><a href=\"\/wp-content\/uploads\/2016\/01\/Kaution_Kuendigung_neu.pdf\">Abmeldeformular (100\u20ac Kaution)<\/a><\/li>\n<li><a href=\"\/wp-content\/uploads\/2017\/08\/Kosten\u00fcbernahme.pdf\" target=\"_blank\" rel=\"noopener noreferrer\">Formular zur Kosten\u00fcbernahme der Miete (Nur f\u00fcr Firmen m\u00f6glich!)<\/a><\/li>\n<li><a href=\"https:\/\/ivo.edu.lra-sm.de\/register\/1\"><strong>Zur Online-Anmeldung<\/strong><\/a><\/li>\n<li><strong>W-Lan Anmeldeformular und Nutzungsbedingungen hier:<br \/>\n<\/strong><\/li>\n<li><a href=\"\/wp-content\/uploads\/2018\/01\/WLAN_Nutzungsvereinbarung.pdf\">Nutzungsvereinbarung W-Lan<\/a><\/li>\n<li><a href=\"\/wp-content\/uploads\/2018\/01\/Antrag-zur-Nutzung-des-WLAN-im-Internat.pdf\">Anmeldeformular W-Lan<\/a><\/li>\n<\/ul>\n","protected":false},"excerpt":{"rendered":"<p>Wichtig! Um eine Anmeldung zu ber\u00fccksichtigen, muss unbedingt die Fahrzeit und die Ausbildungsklasse eingetragen sein! Nachweispflicht der Masernschutzimpfung beachten!!! Anschrift: Internat der Meininger Berufsschulen Am Drachenberg 4b 98617 Meiningen Hausordnung NEU! (01.08.2017) Internatsvereinbarung NEU (01.08.2025) Abmeldeformular (100\u20ac Kaution) Formular zur Kosten\u00fcbernahme der Miete (Nur f\u00fcr Firmen m\u00f6glich!) Zur Online-Anmeldung W-Lan Anmeldeformular und Nutzungsbedingungen hier: Nutzungsvereinbarung &hellip; <a href=\"https:\/\/internatmeiningen.de\/index.php\/anmeldung\/\" class=\"more-link\">Weiterlesen <span class=\"screen-reader-text\">Anmeldung<\/span><\/a><\/p>\n","protected":false},"author":1,"featured_media":0,"parent":0,"menu_order":2,"comment_status":"closed","ping_status":"closed","template":"","meta":[],"_links":{"self":[{"href":"https:\/\/internatmeiningen.de\/index.php\/wp-json\/wp\/v2\/pages\/2"}],"collection":[{"href":"https:\/\/internatmeiningen.de\/index.php\/wp-json\/wp\/v2\/pages"}],"about":[{"href":"https:\/\/internatmeiningen.de\/index.php\/wp-json\/wp\/v2\/types\/page"}],"author":[{"embeddable":true,"href":"https:\/\/internatmeiningen.de\/index.php\/wp-json\/wp\/v2\/users\/1"}],"replies":[{"embeddable":true,"href":"https:\/\/internatmeiningen.de\/index.php\/wp-json\/wp\/v2\/comments?post=2"}],"version-history":[{"count":66,"href":"https:\/\/internatmeiningen.de\/index.php\/wp-json\/wp\/v2\/pages\/2\/revisions"}],"predecessor-version":[{"id":693,"href":"https:\/\/internatmeiningen.de\/index.php\/wp-json\/wp\/v2\/pages\/2\/revisions\/693"}],"wp:attachment":[{"href":"https:\/\/internatmeiningen.de\/index.php\/wp-json\/wp\/v2\/media?parent=2"}],"curies":[{"name":"wp","href":"https:\/\/api.w.org\/{rel}","templated":true}]}}