{"id":7,"date":"2016-01-19T12:00:17","date_gmt":"2016-01-19T11:00:17","guid":{"rendered":"http:\/\/internatmeiningen.de\/wordpress\/?page_id=7"},"modified":"2021-01-12T09:57:42","modified_gmt":"2021-01-12T08:57:42","slug":"freizeitmoeglichkeiten","status":"publish","type":"page","link":"https:\/\/internatmeiningen.de\/index.php\/freizeitmoeglichkeiten\/","title":{"rendered":"Freizeitm\u00f6glichkeiten"},"content":{"rendered":"<div id=\"content\">\n<p>Wer nicht wei\u00df was er in seiner Freizeit machen soll, findet vielleicht hier ein paar Anregungen.<\/p>\n<\/div>\n<div id=\"content\">\n<h2>Internat<\/h2>\n<p>Folgende Aktivit\u00e4ten werden vom Internat angeboten:<\/p>\n<ul>\n<li>Nutzung der 3-Felder-Halle (2 min. Fu\u00dfweg) f\u00fcr g\u00e4ngige Sportarten wie Fu\u00dfball, Volleyball, Badminton, usw.<\/li>\n<li>im Haus selber sind Tischtennis, Billard, Rudern, Aerobic und Boxen m\u00f6glich<\/li>\n<\/ul>\n<\/div>\n<div id=\"content\">\n<h2>Alpenverein<\/h2>\n<ul>\n<li>Kletterwand (gegen geringe Geb\u00fchr)<\/li>\n<\/ul>\n<\/div>\n<div id=\"content\">\n<h2>Stadt Meiningen<\/h2>\n<p>Die Stadt Meiningen bietet folgende M\u00f6glichkeiten an:<\/p>\n<ul>\n<li><a href=\"http:\/\/www.das-meininger-theater.de\" target=\"_blank\" rel=\"noopener\">Meininger Theater<\/a><\/li>\n<li><a href=\"http:\/\/www.kino-meiningen.de\/\" target=\"_blank\" rel=\"noopener\">Kino Meiningen<\/a><\/li>\n<li><a href=\"http:\/\/www.stadtwerke-meiningen.de\/html\/baeder\/index.html\" target=\"_blank\" rel=\"noopener\">Schwimmbad Meiningen<\/a><\/li>\n<\/ul>\n<\/div>\n","protected":false},"excerpt":{"rendered":"<p>Wer nicht wei\u00df was er in seiner Freizeit machen soll, findet vielleicht hier ein paar Anregungen. Internat Folgende Aktivit\u00e4ten werden vom Internat angeboten: Nutzung der 3-Felder-Halle (2 min. Fu\u00dfweg) f\u00fcr g\u00e4ngige Sportarten wie Fu\u00dfball, Volleyball, Badminton, usw. im Haus selber sind Tischtennis, Billard, Rudern, Aerobic und Boxen m\u00f6glich Alpenverein Kletterwand (gegen geringe Geb\u00fchr) Stadt Meiningen &hellip; <a href=\"https:\/\/internatmeiningen.de\/index.php\/freizeitmoeglichkeiten\/\" class=\"more-link\">Weiterlesen <span class=\"screen-reader-text\">Freizeitm\u00f6glichkeiten<\/span><\/a><\/p>\n","protected":false},"author":1,"featured_media":0,"parent":0,"menu_order":3,"comment_status":"closed","ping_status":"closed","template":"","meta":[],"_links":{"self":[{"href":"https:\/\/internatmeiningen.de\/index.php\/wp-json\/wp\/v2\/pages\/7"}],"collection":[{"href":"https:\/\/internatmeiningen.de\/index.php\/wp-json\/wp\/v2\/pages"}],"about":[{"href":"https:\/\/internatmeiningen.de\/index.php\/wp-json\/wp\/v2\/types\/page"}],"author":[{"embeddable":true,"href":"https:\/\/internatmeiningen.de\/index.php\/wp-json\/wp\/v2\/users\/1"}],"replies":[{"embeddable":true,"href":"https:\/\/internatmeiningen.de\/index.php\/wp-json\/wp\/v2\/comments?post=7"}],"version-history":[{"count":10,"href":"https:\/\/internatmeiningen.de\/index.php\/wp-json\/wp\/v2\/pages\/7\/revisions"}],"predecessor-version":[{"id":390,"href":"https:\/\/internatmeiningen.de\/index.php\/wp-json\/wp\/v2\/pages\/7\/revisions\/390"}],"wp:attachment":[{"href":"https:\/\/internatmeiningen.de\/index.php\/wp-json\/wp\/v2\/media?parent=7"}],"curies":[{"name":"wp","href":"https:\/\/api.w.org\/{rel}","templated":true}]}}